{"id":193,"date":"2023-08-28T09:33:11","date_gmt":"2023-08-28T09:33:11","guid":{"rendered":"https:\/\/xn--lrrach-wxa.xn--wrdekompass-thb.org\/?page_id=193"},"modified":"2024-12-20T18:41:22","modified_gmt":"2024-12-20T18:41:22","slug":"kontakt","status":"publish","type":"page","link":"https:\/\/xn--lrrach-wxa.xn--wrdekompass-thb.org\/?page_id=193","title":{"rendered":"Kontakt"},"content":{"rendered":"\n<h2>\n\t\tKontakt aufnehmen!\n\t<\/h2>\n<h3>\n\t\tAnsprechpartnerin\n\t<\/h3>\n\t<p><strong>Jasminka Katic<\/strong><\/p>\n<p>Dipl.-Kauffrau (FHTW Berlin)<\/p>\n<p><a href=\"https:\/\/xn--lrrach-wxa.xn--wrdekompass-thb.org\/wp-content\/uploads\/2024\/12\/Moralischer-Kompass-vs.-Mentale-Sklaverei-1.pdf\">Moralischer Kompass vs. Mentale Sklaverei<\/a><\/p>\n<div style=\"width: 480px;\" class=\"wp-video\"><video class=\"wp-video-shortcode\" id=\"video-193-1\" width=\"480\" height=\"864\" preload=\"metadata\" controls=\"controls\"><source type=\"video\/mp4\" src=\"https:\/\/xn--lrrach-wxa.xn--wrdekompass-thb.org\/wp-content\/uploads\/2024\/12\/video_2024-12-20_19-33-36-1.mp4?_=1\" \/><a href=\"https:\/\/xn--lrrach-wxa.xn--wrdekompass-thb.org\/wp-content\/uploads\/2024\/12\/video_2024-12-20_19-33-36-1.mp4\">https:\/\/xn--lrrach-wxa.xn--wrdekompass-thb.org\/wp-content\/uploads\/2024\/12\/video_2024-12-20_19-33-36-1.mp4<\/a><\/video><\/div>\n<p>&nbsp;<\/p>\n<p>79540 L\u00f6rrach<\/p>\n<p>Handy: 0157 580 63 162<\/p>\n<p><a href=\"mailto:info.wuerde.kompass@gmail.com\">info.wuerde.kompass@gmail.com<\/a><\/p>\n<p>&nbsp;<\/p>\n<h3>\n\t\tTreffpunkt, Inhalte und Ziele f\u00fcr Gruppentreffen\n\t<\/h3>\n<h4>\n\t\tMotiv f\u00fcr die Initiative W\u00fcrdekompass: Sei wie und wer Du BIST. Nicht wie Dich Gesellschaft haben will und Du ma\u00dfgeregelt sein sollst.\n\t<\/h4>\n\t<strong>ORT: Wird bei Anmeldung bekannt gegeben und kann individuell auf Einzelteilnehmer abgestimmt werden.<br \/>\n<\/strong>\n<p>Zeit mitbringen: Jeden Donnerstag nach M\u00f6glichkeit ersatzweise Mittwoch um 19 Uhr. Es gibt die M\u00f6glichkeit Online &#8211; Treffen wahrzunehmen.<\/p>\n<p>Thema mitbringen: Bitte einen Gedankensatz i.V. mit gedanlichem Bild aus der Zitatsammlung von Dr. H\u00fcther mitbringen.<\/p>\n<p>Vorgehensweise: Wir zergliedern das Zitat in einzelne Bausteine. Untersuchen die Wortresonanz in der Du zu dem Glaubenssatz schwingst. (Mikroperspektive) Wir schauen uns die kollektive Einbettung des Gedankensatzes im gesellschaflichen Zusammenhang an. (Makroperspektive)<\/p>\n<p>Zusammen: machen wir uns auf die Suche nach Ursachenfindung.<\/p>\n<p>L\u00f6sung: wir setzen Deinen Satz in Beziehung zu Dir, zum kollektiven Bewu\u00dftsein und Wahrnehmung und definieren die Worte aus Deinem Blickwinkel f\u00fcr Deine Sichweise neu.<\/p>\n<p>Ziel: Erarbeitung eines Bewu\u00dfstseins und Ausrichtung Deiner Gedanken und Deiner Gef\u00fchle auf Deine innere Selbstfindungs-, Selbstbild- und Weltsichtphase.<\/p>\n<p>Zitate werden nach Wunsch auf der Web-Seite ver\u00f6ffentlicht.<\/p>\n<p>Ergebnisse: Durch innere gedankliche und emotionale Bewegungsarbeit sollen Ergebnisse f\u00fcr die eigene und gesellschaftliche Tragweite im Au\u00dfen erzielt werden.<\/p>\n<p>Mitarbeit (ideeler Wert): Anh\u00f6ren, Ansehen, Mitreden, Mitwirken, Sich einbringen, Ver\u00e4nderen, Mitdenken, Mitentscheiden, Mitschreiben, Mitf\u00fchlen und Mitgestalten.<\/p>\n<p>Auswirkung auf sich selbst: F\u00f6rdert und st\u00e4rkt den Selbstwert. Erkennt sein Seelen\u00fcber an. Akzeptiert Menschsein im IST-Zustand. Mit Worten, Bildern, Emotionen, und Taten sich selbst und somit seine Umwelt ver\u00e4ndern.<\/p>\n<p>Zeitrahmen: 90 Minuten<\/p>\n\t<iframe src=\"https:\/\/www.google.com\/maps\/embed\/v1\/place?q=79539+L%C3%B6rrach&#038;key=AIzaSyD09zQ9PNDNNy9TadMuzRV_UsPUoWKntt8\" aria-hidden=\"true\"><\/iframe>\n\n","protected":false},"excerpt":{"rendered":"<p>Kontakt aufnehmen! Ansprechpartnerin Jasminka Katic Dipl.-Kauffrau (FHTW Berlin) Moralischer Kompass vs. Mentale Sklaverei &nbsp; 79540 L\u00f6rrach Handy: 0157 580 63 162 info.wuerde.kompass@gmail.com &nbsp; Treffpunkt, Inhalte und Ziele f\u00fcr Gruppentreffen Motiv f\u00fcr die Initiative W\u00fcrdekompass: Sei wie und wer Du BIST. Nicht wie Dich Gesellschaft haben will und Du ma\u00dfgeregelt sein sollst. ORT: Wird bei Anmeldung&hellip;<\/p>\n","protected":false},"author":2,"featured_media":0,"parent":0,"menu_order":0,"comment_status":"closed","ping_status":"closed","template":"","meta":{"footnotes":""},"class_list":["post-193","page","type-page","status-publish","hentry"],"yoast_head":"<!-- This site is optimized with the Yoast SEO plugin v27.4 - https:\/\/yoast.com\/product\/yoast-seo-wordpress\/ -->\n<title>Kontakt - W\u00fcrdekompass L\u00f6rrach<\/title>\n<meta name=\"robots\" content=\"index, follow, max-snippet:-1, max-image-preview:large, max-video-preview:-1\" \/>\n<link rel=\"canonical\" href=\"https:\/\/xn--lrrach-wxa.xn--wrdekompass-thb.org\/?page_id=193\" \/>\n<meta property=\"og:locale\" content=\"de_DE\" \/>\n<meta property=\"og:type\" content=\"article\" \/>\n<meta property=\"og:title\" content=\"Kontakt - W\u00fcrdekompass L\u00f6rrach\" \/>\n<meta property=\"og:description\" content=\"Kontakt aufnehmen! Ansprechpartnerin Jasminka Katic Dipl.-Kauffrau (FHTW Berlin) Moralischer Kompass vs. Mentale Sklaverei &nbsp; 79540 L\u00f6rrach Handy: 0157 580 63 162 info.wuerde.kompass@gmail.com &nbsp; Treffpunkt, Inhalte und Ziele f\u00fcr Gruppentreffen Motiv f\u00fcr die Initiative W\u00fcrdekompass: Sei wie und wer Du BIST. Nicht wie Dich Gesellschaft haben will und Du ma\u00dfgeregelt sein sollst. ORT: Wird bei Anmeldung&hellip;\" \/>\n<meta property=\"og:url\" content=\"https:\/\/xn--lrrach-wxa.xn--wrdekompass-thb.org\/?page_id=193\" \/>\n<meta property=\"og:site_name\" content=\"W\u00fcrdekompass L\u00f6rrach\" \/>\n<meta property=\"article:modified_time\" content=\"2024-12-20T18:41:22+00:00\" \/>\n<meta name=\"twitter:card\" content=\"summary_large_image\" \/>\n<meta name=\"twitter:label1\" content=\"Gesch\u00e4tzte Lesezeit\" \/>\n\t<meta name=\"twitter:data1\" content=\"2\u00a0Minuten\" \/>\n<script type=\"application\/ld+json\" class=\"yoast-schema-graph\">{\"@context\":\"https:\\\/\\\/schema.org\",\"@graph\":[{\"@type\":\"WebPage\",\"@id\":\"https:\\\/\\\/xn--lrrach-wxa.xn--wrdekompass-thb.org\\\/?page_id=193\",\"url\":\"https:\\\/\\\/xn--lrrach-wxa.xn--wrdekompass-thb.org\\\/?page_id=193\",\"name\":\"Kontakt - W\u00fcrdekompass L\u00f6rrach\",\"isPartOf\":{\"@id\":\"https:\\\/\\\/xn--lrrach-wxa.xn--wrdekompass-thb.org\\\/#website\"},\"datePublished\":\"2023-08-28T09:33:11+00:00\",\"dateModified\":\"2024-12-20T18:41:22+00:00\",\"breadcrumb\":{\"@id\":\"https:\\\/\\\/xn--lrrach-wxa.xn--wrdekompass-thb.org\\\/?page_id=193#breadcrumb\"},\"inLanguage\":\"de\",\"potentialAction\":[{\"@type\":\"ReadAction\",\"target\":[\"https:\\\/\\\/xn--lrrach-wxa.xn--wrdekompass-thb.org\\\/?page_id=193\"]}]},{\"@type\":\"BreadcrumbList\",\"@id\":\"https:\\\/\\\/xn--lrrach-wxa.xn--wrdekompass-thb.org\\\/?page_id=193#breadcrumb\",\"itemListElement\":[{\"@type\":\"ListItem\",\"position\":1,\"name\":\"Startseite\",\"item\":\"https:\\\/\\\/xn--lrrach-wxa.xn--wrdekompass-thb.org\\\/\"},{\"@type\":\"ListItem\",\"position\":2,\"name\":\"Kontakt\"}]},{\"@type\":\"WebSite\",\"@id\":\"https:\\\/\\\/xn--lrrach-wxa.xn--wrdekompass-thb.org\\\/#website\",\"url\":\"https:\\\/\\\/xn--lrrach-wxa.xn--wrdekompass-thb.org\\\/\",\"name\":\"W\u00fcrdekompass L\u00f6rrach\",\"description\":\"\",\"potentialAction\":[{\"@type\":\"SearchAction\",\"target\":{\"@type\":\"EntryPoint\",\"urlTemplate\":\"https:\\\/\\\/xn--lrrach-wxa.xn--wrdekompass-thb.org\\\/?s={search_term_string}\"},\"query-input\":{\"@type\":\"PropertyValueSpecification\",\"valueRequired\":true,\"valueName\":\"search_term_string\"}}],\"inLanguage\":\"de\"}]}<\/script>\n<!-- \/ Yoast SEO plugin. -->","yoast_head_json":{"title":"Kontakt - W\u00fcrdekompass L\u00f6rrach","robots":{"index":"index","follow":"follow","max-snippet":"max-snippet:-1","max-image-preview":"max-image-preview:large","max-video-preview":"max-video-preview:-1"},"canonical":"https:\/\/xn--lrrach-wxa.xn--wrdekompass-thb.org\/?page_id=193","og_locale":"de_DE","og_type":"article","og_title":"Kontakt - W\u00fcrdekompass L\u00f6rrach","og_description":"Kontakt aufnehmen! Ansprechpartnerin Jasminka Katic Dipl.-Kauffrau (FHTW Berlin) Moralischer Kompass vs. Mentale Sklaverei &nbsp; 79540 L\u00f6rrach Handy: 0157 580 63 162 info.wuerde.kompass@gmail.com &nbsp; Treffpunkt, Inhalte und Ziele f\u00fcr Gruppentreffen Motiv f\u00fcr die Initiative W\u00fcrdekompass: Sei wie und wer Du BIST. Nicht wie Dich Gesellschaft haben will und Du ma\u00dfgeregelt sein sollst. ORT: Wird bei Anmeldung&hellip;","og_url":"https:\/\/xn--lrrach-wxa.xn--wrdekompass-thb.org\/?page_id=193","og_site_name":"W\u00fcrdekompass L\u00f6rrach","article_modified_time":"2024-12-20T18:41:22+00:00","twitter_card":"summary_large_image","twitter_misc":{"Gesch\u00e4tzte Lesezeit":"2\u00a0Minuten"},"schema":{"@context":"https:\/\/schema.org","@graph":[{"@type":"WebPage","@id":"https:\/\/xn--lrrach-wxa.xn--wrdekompass-thb.org\/?page_id=193","url":"https:\/\/xn--lrrach-wxa.xn--wrdekompass-thb.org\/?page_id=193","name":"Kontakt - W\u00fcrdekompass L\u00f6rrach","isPartOf":{"@id":"https:\/\/xn--lrrach-wxa.xn--wrdekompass-thb.org\/#website"},"datePublished":"2023-08-28T09:33:11+00:00","dateModified":"2024-12-20T18:41:22+00:00","breadcrumb":{"@id":"https:\/\/xn--lrrach-wxa.xn--wrdekompass-thb.org\/?page_id=193#breadcrumb"},"inLanguage":"de","potentialAction":[{"@type":"ReadAction","target":["https:\/\/xn--lrrach-wxa.xn--wrdekompass-thb.org\/?page_id=193"]}]},{"@type":"BreadcrumbList","@id":"https:\/\/xn--lrrach-wxa.xn--wrdekompass-thb.org\/?page_id=193#breadcrumb","itemListElement":[{"@type":"ListItem","position":1,"name":"Startseite","item":"https:\/\/xn--lrrach-wxa.xn--wrdekompass-thb.org\/"},{"@type":"ListItem","position":2,"name":"Kontakt"}]},{"@type":"WebSite","@id":"https:\/\/xn--lrrach-wxa.xn--wrdekompass-thb.org\/#website","url":"https:\/\/xn--lrrach-wxa.xn--wrdekompass-thb.org\/","name":"W\u00fcrdekompass L\u00f6rrach","description":"","potentialAction":[{"@type":"SearchAction","target":{"@type":"EntryPoint","urlTemplate":"https:\/\/xn--lrrach-wxa.xn--wrdekompass-thb.org\/?s={search_term_string}"},"query-input":{"@type":"PropertyValueSpecification","valueRequired":true,"valueName":"search_term_string"}}],"inLanguage":"de"}]}},"_links":{"self":[{"href":"https:\/\/xn--lrrach-wxa.xn--wrdekompass-thb.org\/index.php?rest_route=\/wp\/v2\/pages\/193","targetHints":{"allow":["GET"]}}],"collection":[{"href":"https:\/\/xn--lrrach-wxa.xn--wrdekompass-thb.org\/index.php?rest_route=\/wp\/v2\/pages"}],"about":[{"href":"https:\/\/xn--lrrach-wxa.xn--wrdekompass-thb.org\/index.php?rest_route=\/wp\/v2\/types\/page"}],"author":[{"embeddable":true,"href":"https:\/\/xn--lrrach-wxa.xn--wrdekompass-thb.org\/index.php?rest_route=\/wp\/v2\/users\/2"}],"replies":[{"embeddable":true,"href":"https:\/\/xn--lrrach-wxa.xn--wrdekompass-thb.org\/index.php?rest_route=%2Fwp%2Fv2%2Fcomments&post=193"}],"version-history":[{"count":22,"href":"https:\/\/xn--lrrach-wxa.xn--wrdekompass-thb.org\/index.php?rest_route=\/wp\/v2\/pages\/193\/revisions"}],"predecessor-version":[{"id":263,"href":"https:\/\/xn--lrrach-wxa.xn--wrdekompass-thb.org\/index.php?rest_route=\/wp\/v2\/pages\/193\/revisions\/263"}],"wp:attachment":[{"href":"https:\/\/xn--lrrach-wxa.xn--wrdekompass-thb.org\/index.php?rest_route=%2Fwp%2Fv2%2Fmedia&parent=193"}],"curies":[{"name":"wp","href":"https:\/\/api.w.org\/{rel}","templated":true}]}}