{"id":7,"date":"2021-02-25T09:24:04","date_gmt":"2021-02-25T09:24:04","guid":{"rendered":"https:\/\/bern.xn--wrdekompass-thb.org\/?page_id=7"},"modified":"2024-12-20T12:57:38","modified_gmt":"2024-12-20T12:57:38","slug":"loerrach","status":"publish","type":"page","link":"https:\/\/xn--lrrach-wxa.xn--wrdekompass-thb.org\/","title":{"rendered":"L\u00f6rrach"},"content":{"rendered":"\n<h2>\n\t\tHerzlich Willkommen!\n\t<\/h2>\n\t<p>Sch\u00f6n dass Du unsere Webseite besuchst. In dieser Gruppe findest Du die wichtigsten Fragen in Dir selbst. Die Gruppe bietet Dir den Raum und den Schutz mit der Arbeit an sich selbst zu beginnen. Zentrale Frage, die die Gruppe nachgeht, ist: &#8222;Was willst Du im Au\u00dfen ver\u00e4ndern? -So ver\u00e4ndere es in Dir selbst.&#8220;<\/p>\n<p>Die Ver\u00e4nderung im Aussen beginnt immer mit der Ver\u00e4nderung im Innen. Unsere jetzige Aussen-Welt ist das Spiegel-bild unserer Gedanken, Emotionen, Bilder und Ansichten im Innen. Die Ursache f\u00fcr die Ver\u00e4nderung liegt nur in Dir selbst. Die Wirkung durch die Ver\u00e4nderung kann nur mit Dir kommen. Der Schl\u00fc\u00dfel f\u00fcr den Wandel in der Welt liegt in Dir; Bist Du. Es liegt an Dir, ob Du zu dem Schl\u00fc\u00dfel greifst oder diesen in Dir liegen l\u00e4\u00dft.<\/p>\n<p>Deine Energie folgt Deiner Aufmerksamkeit. Welchen Gedanken Du Raum gibst, diesen Gedanken begegnest Du ununterbrochen immer wieder in der Aussenwelt.<\/p>\n<p>Wenn Du diese Welt in Dir ver\u00e4ndern willst, so ver\u00e4ndere zuerst Dein Bild dar\u00fcber in Dir. Dann ver\u00e4ndert sich auch das grosse Bild in uns, und wir ver\u00e4ndern zusammen die angelegten Rahmenbedingungen, in dem unser &#8222;ich&#8220; in der Gesellschaft eingebettet ist und sich in angelegten Rahmenbedingungen in uns wiederfindet.<\/p>\n<p>Somit findest Du die wichtigsten Informationen zur W\u00fcrdekompassgruppe L\u00f6rrach hier.<\/p>\n<blockquote><p><strong>\u00bbEine Initiative zur St\u00e4rkung des Empfindens, der Vorstellung und des<\/strong><\/p>\n<p><strong>Bewusstseins unserer eigenen W\u00fcrde. Nicht in der Theorie, sondern im t\u00e4glichen Zusammenleben.\u00ab<\/strong><\/p>\n<p><strong>&#8211; Gerald H\u00fcther, Initiator der W\u00fcrdekompass-Initiative<\/strong><\/p><\/blockquote>\n<p>Die Initiative W\u00fcrdekompass wurde von\u00a0der <a href=\"https:\/\/www.akademiefuerpotentialentfaltung.org\">Akademie f\u00fcr Potenzialentfaltung<\/a> ins Leben gerufen. Unterst\u00fctzt wird diese vom <a href=\"https:\/\/www.wuerdekompass.org\" target=\"_blank\" rel=\"noopener\">W\u00fcrdekompass e.V.<\/a> Jede Regiogruppe ist unabh\u00e4ngig und erforscht den eigenen Weg &#8211; mit W\u00fcrde.<\/p>\n\t\t\t\t<img loading=\"lazy\" decoding=\"async\" src=\"https:\/\/xn--lrrach-wxa.xn--wrdekompass-thb.org\/wp-content\/uploads\/2023\/08\/Unknown.jpeg\" alt=\"Gr\u00fcndungsteam, v.r.n.l.: Jasmin, Claudi, Isabell\" itemprop=\"image\" height=\"576\" width=\"1024\" title=\"Gr\u00fcndungsteam\" onerror=\"this.style.display='none'\"  \/>\n\t\tGr\u00fcndungsteam, v.r.n.l.: Jasmin, Claudi, Isabell\n\t<h2>Gruppentreffen<\/h2>\n<hr \/>\n<blockquote><p>An jedem Donnerstag | ersatzweise Mittwoch um 19:00 Uhr finden unsere Gruppentreffen statt. Anmeldung und weitere Infos \u00fcber Jasminka Katic <a href=\"mailto:info.wuerde.kompass@gmail.com\">info.wuerde.kompass@gmail.com<\/a><\/p>\n<p>Wir freuen uns auf Dich! <em>Ich freue mich auf Dich!<\/em><\/p><\/blockquote>\n<p>&nbsp;<\/p>\n<p>Die Eindr\u00fccke am 10. August 2023 haben diesen Blog-Beitrag durch <a href=\"https:\/\/www.kraftimwandel.de\/\">Kraft-Im-Wandel<\/a> entstehen lassen:<\/p>\n<p><a href=\"https:\/\/www.kraftimwandel.de\/2023\/08\/11\/dialog-w\u00fcrde-verbinden-w\u00fcrde-dialog-verbinden\/\">Dialog w\u00fcrde verbinden &#8211; W\u00fcrde Dialog verbinden?<\/a><\/p>\n<p>Wir laden dazu ein, den Umgang mit der eigenen W\u00fcrde zu eforschen, zu festigen und <strong>eigenen<\/strong> <strong>Erfahrungsraum<\/strong> im Miteinander Sein zu erweitern.<\/p>\n\t\n<h3><strong>Unsere Gruppe hat das Anliegen die versch\u00fctteten Werte und Potentiale in sich zu finden und wieder zu aktivieren.<\/strong><\/h3>\n<p>Das menschliche Gl\u00fcck, Gesundheit und geistiges Reichtum im Verbundensein durch Autonomie des Selbstfindungsprozesses zu mehren, zu steigern und andere zu begeistern in die gleiche Richtung mit uns zu blicken, den gleichen Weg zu gehen und seine Ansichten mit uns zu teilen, ist ein Teil unseres Bereicherungskonzeptes.<\/p>\n<p>Die in sich entdeckte W\u00fcrde darf immer beim Einzelnen selbst anfangen, und vom Einzelnen ausgehen und zuerst vom Einzelnen in sich selbst f\u00fcr sich selbst getragen werden.<\/p>\n<p>Ein Zusammenschluss der Einzelindividuen, die Ihre eigene W\u00fcrde zuerst sehen, erkennen, akzeptieren und aus sich selbst heraus beziehen, und sich selbst zuliebe zuerst handeln, darf beim Einzelnen Individuum selbst wahrgenommen werden und soll sich nicht aus der Bed\u00fcrftigkeit der Gruppe sch\u00f6pfen, welche andere (ge-)brauchen oder andere benutzen, um sich selbst zu begegnen. (Selbstfindungs-Wertsch\u00f6pfungsprozess mit sich) &#8211; Wer ist der Mensch in meinen K\u00f6rper selbst? Wer lebt in meinem K\u00f6rper selbt? Wer bewohnt meinen K\u00f6rper selbst? Wer bist Du selbst? Hier findet die Reflektions-\/Spiegelarbeit in der Gruppe mit sich selbst. Eine Gruppe f\u00e4ngt bereits mit zwei und mehr Individuen an. Erkenne Dich in der Gemeinschaft mit anderen selbst zuerst.<\/p>\n<p>Die Zielgruppe der Menschen, die sich hier angenommen und willkommen f\u00fchlen darf, ist immer der Einzelne Mensch selbst, in prim\u00e4rer partnerschaftlicher Beziehung zu sich selbst. Hier ist der Begriff der Selbstf\u00fcrsorge zentral. Durch die Selbstf\u00fcrsorge soll Selbst-&#8222;verwirklichung&#8220; als Mensch mit sich selbst und an sich selbst erlangt, erstritten, erworben, und zur\u00fcck errungen werden.<\/p>\n<p>Das Individuum handelt nicht vordergr\u00fcndig aus der Gruppendynamik sondern aus sich selbst heraus. Das Individuum darf die Gruppe als Ort der Quelle benutzen, in dem er Kraft, und Halt und St\u00e4rke findet, weil er diese Werte in sich selbst findet, tr\u00e4gt und der Gruppe eingibt und der Gruppe schenkt, damit die Gruppe aus dem Einzelnen lebt und nicht der Einzelne aus der Gruppe oder sogar wegen der Gruppe lebt, existiert oder sich aus der Gruppe ern\u00e4hrt, weil er sein Selbst in der Gruppe wegen der Gruppe aufgegeben hat und sich aufgrund der Gruppenpriorit\u00e4ten mit der Gruppe symbiotisch so einverleibt und verschmolzen hat, das er sein Selbst in sich verloren hat.<\/p>\n<p>Der Einzelne MENSCH ist DER wichtigste menschliche Glied um eine Gemeinschaft in sich und mit sich selbst in eine Gruppe zu verwandeln. Aus dem Einzelnen heraus soll eine tragf\u00e4hige Gemeinschaft mit eigenen Gedanken und Ansichten entstehen, die die Gruppe hebt. Die Gruppe soll nicht als Anlass genommen werden, um sich \u00fcber die Gruppe zu heben und die Gruppe f\u00fcr eigene sachliche personale oder gar monokausale Ziele oder Zusammenh\u00e4nge zu mi\u00dfbrauchen .<\/p>\n<p>Aus einzeln zusammengeschlossenen Individuen soll eine tragf\u00e4hige Gemeinschaft von selbst\u00e4ndigen und selbstorganisierenden Menschen (Individuen) im permanenten Entwickluns- und Wachstumsprozess entstehen und aus Dir heraus in die Aussenwelt getragen werden.<\/p>\n<p>In diesem Zusammenhang wird es hilfreich sein, zu schauen, welche Rahmenbedingungen braucht jeder Mensch um sich innerhalb der Gruppe angenommen und respektiert zu f\u00fchlen, sich selbst\u00e4ndig zu entfalten und innerhalb einer Gemeinschaft bereits schon aus zwei oder drei Individuen zu finden, und um eigene Handlungsf\u00e4higkeit und Selbsterm\u00e4chtigung innerhalb der Gesellschaft zur\u00fcck zu erlangen. Die Bedeutung der Worte werden hier gr\u00fcndlich \u00fcberpr\u00fcft und auf eigene innere Welt neu kalibriert und eingestellt.<\/p>\n<p>Worte haben die Macht jeden Einzelnen Menschen im Kern substanziell zu vernichten oder von Grund auf im Kern neu zu errichten. Das ist UNSER Grundmotiv f\u00fcr das Handeln f\u00fcr sich selbst in der Gesellschaft.<\/p>\n<p>Die Gruppe darf drei Phasen durchlaufen. Jede Phase kann in die andere \u00fcbergreifen und wechselseitig ineinander modular wechselwirken.<\/p>\n<p>Jeder Teilnehmer bekommt seinen eignen intrapersonalen Raum und die M\u00f6glichkeit angeboten, sich entsprechend eigener Kr\u00e4fteverh\u00e4ltnisse und Kapazit\u00e4tenw\u00fcnsche in der Gruppe einzubringen.<\/p>\n<p>Unser 3-Phasenmodell beinhaltet: Grundsteinphase, Aufbauphase &amp; Gemeinschaftsphase. Diese 3 Phasen sind ein lebenlanger Entstehungs-, Entwicklungs- und Reifungsprozess.<\/p>\n<p>Jeder wird in der Gruppe ernst und zentral wichtig genommen. Die Verbindlichkeit in der Gruppe teilzunehmen liegt beim Teilnehmer. Die Verbindung und Verbundenheit zu der Gruppe kann nur bei Dir entstehen.<\/p>\n<p>Wer was in der Gesellschaft ver\u00e4ndern will, darf gerne bei sich selbst anfangen und f\u00fcr sich selbst das gerne zuerst tun. F\u00fcr sich selbst zentral einstehen. Um sich selbst anzunehmen wie er ist. Um sich selbst geliebt zu f\u00fchlen und gewollt zu sehen wie er ist. Nicht weil die Gruppe oder die Gesellschaft das vom Einzelnen verlangt, oder der Einzelne sich in die Normen der Gesellschaft anpassen muss um der Gesellschaft zu gefallen. Sondern weil der Einzelne der Grundstein der Gesellschaft ist, und beim Einzelnen die Gesellschaft mit sich selbst anf\u00e4ngt. Niemand kann f\u00fcr den Anderen einstehen ausser er selbst. Denn die Welt, die im Au\u00dfen ist, ist in jedem Einzelnen von uns. Im Innen. Nicht drau\u00dfen. Sondern innen. Im Einen jeden selbst von uns.<\/p>\n<p>Wer die Gesellschaft ver\u00e4ndern will, darf sich selbst zuerst zu eigenen Gunsten ver\u00e4ndern. Dann ver\u00e4ndert sich auch die Gesellschaft um uns mit und durch uns herum.<\/p>\n<p>In der Gruppe soll die Gruppendynamik dem Einzelnen zuerst und dann der Gruppe dienen. Nicht andersherum.<\/p>\n<p>Bei uns <strong>findet sich der Einzelne<\/strong> in der Gruppe konzeptionell im Gesamtzusammenhang. Der Einzelne findet keine Gruppe vor. Aus dem Einzelnen kann eine Gruppe werden und hervorgehen. Jeder Einzelner wird somit zu Gruppe, die er selbst durch sich selbst ins Leben ruft und mit sich selbst f\u00fcr uns bildet. F\u00fcr sich mit anderen <strong>an sich<\/strong> f\u00fcr sein Eigenwohl und nicht Fremdwohl oder gar wegen Fremdbetreuung und Fremdsteuerung <strong>in sich ausbildet.<\/strong><\/p>\n<p>Der innere Kern kann nur sein: Selbstherrschaft und Selbststeuerung.<\/p>\n<p>Der Einzelne ist Initialz\u00fcndung und der Motivator, um eine Gruppe entstehen zu lassen.<\/p>\n<p>Die Gruppe darf wegen dem Einzelnen zuerst existieren. Nicht umgekehrt. Die Gruppe kann sich immer wegen dem Einzelnen herausbilden und formieren und nicht verkehrtrum.<\/p>\n<p>Wenn Du Dich mit den Ansichten und Gedanken in der Gruppe von Dir selbst vertreten siehst und in der Lage bist, Dich selbst in der Gruppe zu stellen, dann komm zu uns. Lerne Dich kennen. Stelle Dich uns vor. Und entdecke die Lust, gro\u00dfe Dinge durch kleine Wirkung nur durch sich selbst zu bewegen.<\/p>\n<p>Unsere Werte sind: Deine Fragen. Deine Gedanken. Deine Gef\u00fchle. Deine Bilder. Deine Taten. Und der gr\u00f6\u00dfter Wert in der Gruppe bist DU. Hast Du Lust Dich unserer Initiative anzuschlie\u00dfen, melde Dich ganz einfach bei mir<\/p>\n<p>Lasse Dir ganz viel Liebe da. F\u00fchle Dich von mir gedr\u00fcckt, gegr\u00fc\u00dft und geliebt.<\/p>\n<p>Deine Erstinitiatorin und Tr\u00e4gerin der\u00a0 W\u00fcrdekompassgruppe in L\u00f6rrach<\/p>\n<p>&nbsp;<\/p>\n<p>Jasminka Katic<\/p>\n<p>&nbsp;<\/p>\n<p>&nbsp;<\/p>\n<h2>\n\t\tBerichte aus der Gruppe\n\t<\/h2>\n\t\t\t\t<img loading=\"lazy\" decoding=\"async\" src=\"https:\/\/xn--lrrach-wxa.xn--wrdekompass-thb.org\/wp-content\/uploads\/2023\/08\/Wuerde.jpg\" alt=\"W\u00fcrde\" itemprop=\"image\" height=\"843\" width=\"843\" title=\"W\u00fcrde\" onerror=\"this.style.display='none'\"  \/>\n\n","protected":false},"excerpt":{"rendered":"<p>Herzlich Willkommen! Sch\u00f6n dass Du unsere Webseite besuchst. In dieser Gruppe findest Du die wichtigsten Fragen in Dir selbst. Die Gruppe bietet Dir den Raum und den Schutz mit der Arbeit an sich selbst zu beginnen. Zentrale Frage, die die Gruppe nachgeht, ist: &#8222;Was willst Du im Au\u00dfen ver\u00e4ndern? -So ver\u00e4ndere es in Dir selbst.&#8220;&hellip;<\/p>\n","protected":false},"author":1,"featured_media":0,"parent":0,"menu_order":0,"comment_status":"closed","ping_status":"closed","template":"","meta":{"footnotes":""},"class_list":["post-7","page","type-page","status-publish","hentry"],"yoast_head":"<!-- This site is optimized with the Yoast SEO plugin v27.4 - https:\/\/yoast.com\/product\/yoast-seo-wordpress\/ -->\n<title>L\u00f6rrach - W\u00fcrdekompass L\u00f6rrach<\/title>\n<meta name=\"robots\" content=\"index, follow, max-snippet:-1, max-image-preview:large, max-video-preview:-1\" \/>\n<link rel=\"canonical\" href=\"https:\/\/xn--lrrach-wxa.xn--wrdekompass-thb.org\/\" \/>\n<meta property=\"og:locale\" content=\"de_DE\" \/>\n<meta property=\"og:type\" content=\"article\" \/>\n<meta property=\"og:title\" content=\"L\u00f6rrach - W\u00fcrdekompass L\u00f6rrach\" \/>\n<meta property=\"og:description\" content=\"Herzlich Willkommen! Sch\u00f6n dass Du unsere Webseite besuchst. In dieser Gruppe findest Du die wichtigsten Fragen in Dir selbst. Die Gruppe bietet Dir den Raum und den Schutz mit der Arbeit an sich selbst zu beginnen. Zentrale Frage, die die Gruppe nachgeht, ist: &#8222;Was willst Du im Au\u00dfen ver\u00e4ndern? -So ver\u00e4ndere es in Dir selbst.&#8220;&hellip;\" \/>\n<meta property=\"og:url\" content=\"https:\/\/xn--lrrach-wxa.xn--wrdekompass-thb.org\/\" \/>\n<meta property=\"og:site_name\" content=\"W\u00fcrdekompass L\u00f6rrach\" \/>\n<meta property=\"article:modified_time\" content=\"2024-12-20T12:57:38+00:00\" \/>\n<meta property=\"og:image\" content=\"https:\/\/xn--lrrach-wxa.xn--wrdekompass-thb.org\/wp-content\/uploads\/2023\/08\/Unknown.jpeg\" \/>\n<meta name=\"twitter:card\" content=\"summary_large_image\" \/>\n<meta name=\"twitter:label1\" content=\"Gesch\u00e4tzte Lesezeit\" \/>\n\t<meta name=\"twitter:data1\" content=\"8\u00a0Minuten\" \/>\n<script type=\"application\/ld+json\" class=\"yoast-schema-graph\">{\"@context\":\"https:\\\/\\\/schema.org\",\"@graph\":[{\"@type\":\"WebPage\",\"@id\":\"https:\\\/\\\/xn--lrrach-wxa.xn--wrdekompass-thb.org\\\/\",\"url\":\"https:\\\/\\\/xn--lrrach-wxa.xn--wrdekompass-thb.org\\\/\",\"name\":\"L\u00f6rrach - W\u00fcrdekompass L\u00f6rrach\",\"isPartOf\":{\"@id\":\"https:\\\/\\\/xn--lrrach-wxa.xn--wrdekompass-thb.org\\\/#website\"},\"primaryImageOfPage\":{\"@id\":\"https:\\\/\\\/xn--lrrach-wxa.xn--wrdekompass-thb.org\\\/#primaryimage\"},\"image\":{\"@id\":\"https:\\\/\\\/xn--lrrach-wxa.xn--wrdekompass-thb.org\\\/#primaryimage\"},\"thumbnailUrl\":\"https:\\\/\\\/xn--lrrach-wxa.xn--wrdekompass-thb.org\\\/wp-content\\\/uploads\\\/2023\\\/08\\\/Unknown.jpeg\",\"datePublished\":\"2021-02-25T09:24:04+00:00\",\"dateModified\":\"2024-12-20T12:57:38+00:00\",\"breadcrumb\":{\"@id\":\"https:\\\/\\\/xn--lrrach-wxa.xn--wrdekompass-thb.org\\\/#breadcrumb\"},\"inLanguage\":\"de\",\"potentialAction\":[{\"@type\":\"ReadAction\",\"target\":[\"https:\\\/\\\/xn--lrrach-wxa.xn--wrdekompass-thb.org\\\/\"]}]},{\"@type\":\"ImageObject\",\"inLanguage\":\"de\",\"@id\":\"https:\\\/\\\/xn--lrrach-wxa.xn--wrdekompass-thb.org\\\/#primaryimage\",\"url\":\"https:\\\/\\\/xn--lrrach-wxa.xn--wrdekompass-thb.org\\\/wp-content\\\/uploads\\\/2023\\\/08\\\/Unknown.jpeg\",\"contentUrl\":\"https:\\\/\\\/xn--lrrach-wxa.xn--wrdekompass-thb.org\\\/wp-content\\\/uploads\\\/2023\\\/08\\\/Unknown.jpeg\",\"width\":1024,\"height\":576,\"caption\":\"Gr\u00fcndungsteam, v.r.n.l.: Jasmin, Claudi, Isabell\"},{\"@type\":\"BreadcrumbList\",\"@id\":\"https:\\\/\\\/xn--lrrach-wxa.xn--wrdekompass-thb.org\\\/#breadcrumb\",\"itemListElement\":[{\"@type\":\"ListItem\",\"position\":1,\"name\":\"Startseite\",\"item\":\"https:\\\/\\\/xn--lrrach-wxa.xn--wrdekompass-thb.org\\\/\"},{\"@type\":\"ListItem\",\"position\":2,\"name\":\"L\u00f6rrach\"}]},{\"@type\":\"WebSite\",\"@id\":\"https:\\\/\\\/xn--lrrach-wxa.xn--wrdekompass-thb.org\\\/#website\",\"url\":\"https:\\\/\\\/xn--lrrach-wxa.xn--wrdekompass-thb.org\\\/\",\"name\":\"W\u00fcrdekompass L\u00f6rrach\",\"description\":\"\",\"potentialAction\":[{\"@type\":\"SearchAction\",\"target\":{\"@type\":\"EntryPoint\",\"urlTemplate\":\"https:\\\/\\\/xn--lrrach-wxa.xn--wrdekompass-thb.org\\\/?s={search_term_string}\"},\"query-input\":{\"@type\":\"PropertyValueSpecification\",\"valueRequired\":true,\"valueName\":\"search_term_string\"}}],\"inLanguage\":\"de\"}]}<\/script>\n<!-- \/ Yoast SEO plugin. -->","yoast_head_json":{"title":"L\u00f6rrach - W\u00fcrdekompass L\u00f6rrach","robots":{"index":"index","follow":"follow","max-snippet":"max-snippet:-1","max-image-preview":"max-image-preview:large","max-video-preview":"max-video-preview:-1"},"canonical":"https:\/\/xn--lrrach-wxa.xn--wrdekompass-thb.org\/","og_locale":"de_DE","og_type":"article","og_title":"L\u00f6rrach - W\u00fcrdekompass L\u00f6rrach","og_description":"Herzlich Willkommen! Sch\u00f6n dass Du unsere Webseite besuchst. In dieser Gruppe findest Du die wichtigsten Fragen in Dir selbst. Die Gruppe bietet Dir den Raum und den Schutz mit der Arbeit an sich selbst zu beginnen. Zentrale Frage, die die Gruppe nachgeht, ist: &#8222;Was willst Du im Au\u00dfen ver\u00e4ndern? -So ver\u00e4ndere es in Dir selbst.&#8220;&hellip;","og_url":"https:\/\/xn--lrrach-wxa.xn--wrdekompass-thb.org\/","og_site_name":"W\u00fcrdekompass L\u00f6rrach","article_modified_time":"2024-12-20T12:57:38+00:00","og_image":[{"url":"https:\/\/xn--lrrach-wxa.xn--wrdekompass-thb.org\/wp-content\/uploads\/2023\/08\/Unknown.jpeg","type":"","width":"","height":""}],"twitter_card":"summary_large_image","twitter_misc":{"Gesch\u00e4tzte Lesezeit":"8\u00a0Minuten"},"schema":{"@context":"https:\/\/schema.org","@graph":[{"@type":"WebPage","@id":"https:\/\/xn--lrrach-wxa.xn--wrdekompass-thb.org\/","url":"https:\/\/xn--lrrach-wxa.xn--wrdekompass-thb.org\/","name":"L\u00f6rrach - W\u00fcrdekompass L\u00f6rrach","isPartOf":{"@id":"https:\/\/xn--lrrach-wxa.xn--wrdekompass-thb.org\/#website"},"primaryImageOfPage":{"@id":"https:\/\/xn--lrrach-wxa.xn--wrdekompass-thb.org\/#primaryimage"},"image":{"@id":"https:\/\/xn--lrrach-wxa.xn--wrdekompass-thb.org\/#primaryimage"},"thumbnailUrl":"https:\/\/xn--lrrach-wxa.xn--wrdekompass-thb.org\/wp-content\/uploads\/2023\/08\/Unknown.jpeg","datePublished":"2021-02-25T09:24:04+00:00","dateModified":"2024-12-20T12:57:38+00:00","breadcrumb":{"@id":"https:\/\/xn--lrrach-wxa.xn--wrdekompass-thb.org\/#breadcrumb"},"inLanguage":"de","potentialAction":[{"@type":"ReadAction","target":["https:\/\/xn--lrrach-wxa.xn--wrdekompass-thb.org\/"]}]},{"@type":"ImageObject","inLanguage":"de","@id":"https:\/\/xn--lrrach-wxa.xn--wrdekompass-thb.org\/#primaryimage","url":"https:\/\/xn--lrrach-wxa.xn--wrdekompass-thb.org\/wp-content\/uploads\/2023\/08\/Unknown.jpeg","contentUrl":"https:\/\/xn--lrrach-wxa.xn--wrdekompass-thb.org\/wp-content\/uploads\/2023\/08\/Unknown.jpeg","width":1024,"height":576,"caption":"Gr\u00fcndungsteam, v.r.n.l.: Jasmin, Claudi, Isabell"},{"@type":"BreadcrumbList","@id":"https:\/\/xn--lrrach-wxa.xn--wrdekompass-thb.org\/#breadcrumb","itemListElement":[{"@type":"ListItem","position":1,"name":"Startseite","item":"https:\/\/xn--lrrach-wxa.xn--wrdekompass-thb.org\/"},{"@type":"ListItem","position":2,"name":"L\u00f6rrach"}]},{"@type":"WebSite","@id":"https:\/\/xn--lrrach-wxa.xn--wrdekompass-thb.org\/#website","url":"https:\/\/xn--lrrach-wxa.xn--wrdekompass-thb.org\/","name":"W\u00fcrdekompass L\u00f6rrach","description":"","potentialAction":[{"@type":"SearchAction","target":{"@type":"EntryPoint","urlTemplate":"https:\/\/xn--lrrach-wxa.xn--wrdekompass-thb.org\/?s={search_term_string}"},"query-input":{"@type":"PropertyValueSpecification","valueRequired":true,"valueName":"search_term_string"}}],"inLanguage":"de"}]}},"_links":{"self":[{"href":"https:\/\/xn--lrrach-wxa.xn--wrdekompass-thb.org\/index.php?rest_route=\/wp\/v2\/pages\/7","targetHints":{"allow":["GET"]}}],"collection":[{"href":"https:\/\/xn--lrrach-wxa.xn--wrdekompass-thb.org\/index.php?rest_route=\/wp\/v2\/pages"}],"about":[{"href":"https:\/\/xn--lrrach-wxa.xn--wrdekompass-thb.org\/index.php?rest_route=\/wp\/v2\/types\/page"}],"author":[{"embeddable":true,"href":"https:\/\/xn--lrrach-wxa.xn--wrdekompass-thb.org\/index.php?rest_route=\/wp\/v2\/users\/1"}],"replies":[{"embeddable":true,"href":"https:\/\/xn--lrrach-wxa.xn--wrdekompass-thb.org\/index.php?rest_route=%2Fwp%2Fv2%2Fcomments&post=7"}],"version-history":[{"count":37,"href":"https:\/\/xn--lrrach-wxa.xn--wrdekompass-thb.org\/index.php?rest_route=\/wp\/v2\/pages\/7\/revisions"}],"predecessor-version":[{"id":254,"href":"https:\/\/xn--lrrach-wxa.xn--wrdekompass-thb.org\/index.php?rest_route=\/wp\/v2\/pages\/7\/revisions\/254"}],"wp:attachment":[{"href":"https:\/\/xn--lrrach-wxa.xn--wrdekompass-thb.org\/index.php?rest_route=%2Fwp%2Fv2%2Fmedia&parent=7"}],"curies":[{"name":"wp","href":"https:\/\/api.w.org\/{rel}","templated":true}]}}